{"id":1779,"date":"2023-04-14T21:20:47","date_gmt":"2023-04-15T03:20:47","guid":{"rendered":"https:\/\/www.together.marketing\/servicios\/"},"modified":"2024-10-02T12:32:48","modified_gmt":"2024-10-02T18:32:48","slug":"servicios","status":"publish","type":"page","link":"https:\/\/www.together.marketing\/es\/servicios\/","title":{"rendered":"Servicios"},"content":{"rendered":"<div class=\"wpb-content-wrapper\">[vc_row remove_bottom_col_margin=&#8221;true&#8221; el_class=&#8221;wpb-animate-in-sequence&#8221;][vc_column]<div class=\"vcex-spacing wpex-w-100 wpex-clear\" style=\"height:4em;\"><\/div><h1 class=\"vcex-heading vcex-heading-plain vcex-module wpex-heading wpex-text-2xl wpex-h1 tit-l1\"><span class=\"vcex-heading-inner wpex-inline-block\">Nuestros<br \/>\nServicios<\/span><\/h1><div class=\"vcex-spacing wpex-w-100 wpex-clear\" style=\"height:2em;\"><\/div><div class=\"vcex-module vcex-divider vcex-divider-solid vcex-divider-center wpex-mx-auto wpex-block wpex-h-0 wpex-border-b wpex-border-solid wpex-border-main\" style=\"margin-block-start:0px;margin-block-end:0px;\"><\/div><div class=\"vcex-spacing wpex-w-100 wpex-clear\" style=\"height:2em;\"><\/div>[vc_column_text css_animation=&#8221;bottom-to-top&#8221; font_size=&#8221;1.5em&#8221;]Contamos con <strong>Equipos de expertos descentralizados<\/strong> para ofrecer <strong>servicios de marketing, publicidad y comunicaci\u00f3n de alta calidad, <\/strong>logrando <strong>resultados extraordinarios<\/strong>.[\/vc_column_text]<div class=\"vcex-spacing wpex-w-100 wpex-clear\" style=\"height:2em;\"><\/div><div class=\"vcex-module vcex-divider vcex-divider-solid vcex-divider-center wpex-mx-auto wpex-block wpex-h-0 wpex-border-b wpex-border-solid wpex-border-main\" style=\"margin-block-start:0px;margin-block-end:0px;\"><\/div>[vc_row_inner equal_height=&#8221;yes&#8221; gap=&#8221;35&#8243; remove_bottom_col_margin=&#8221;true&#8221;][vc_column_inner width=&#8221;1\/3&#8243;]<div class=\"vcex-spacing wpex-w-100 wpex-clear\" style=\"height:1em;\"><\/div><figure class=\"vcex-image vcex-module colorimg2\"><div class=\"vcex-image-inner wpex-relative wpex-inline-block\"><img loading=\"lazy\" class=\"vcex-image-img wpex-align-middle\" decoding=\"async\" src=\"https:\/\/www.together.marketing\/wp-content\/uploads\/2023\/06\/Recurso-12-1-100x88.png\" alt=\"\" srcset=\"https:\/\/www.together.marketing\/wp-content\/uploads\/2023\/06\/Recurso-12-1-100x88.png 100w, https:\/\/www.together.marketing\/wp-content\/uploads\/2023\/06\/Recurso-12-1.png 201w\" width=\"100\" height=\"88\"><\/div><\/figure>[vc_column_text css_animation=&#8221;appear&#8221; el_class=&#8221;ser1&#8243;]\n<h4>Estrategia de marca y creatividad<\/h4>\n<p>Transformamos los datos en insights valiosos para crear ideas impactantes que hagan crecer al sector.[\/vc_column_text]<div class=\"vcex-column-side-border vcex-column-side-border--right wpex-hidden wpex-md-block wpex-absolute wpex-top-50 wpex-right-0 wpex-max-h-100 wpex-h-100 wpex-w-1px wpex-surface-4 wpex-translate-x-y-50 vcex-right\"><\/div><div class=\"vcex-spacing wpex-w-100 wpex-clear hidden-phone\" style=\"height:2em;\"><\/div>[\/vc_column_inner][vc_column_inner width=&#8221;1\/3&#8243;]<div class=\"vcex-spacing wpex-w-100 wpex-clear hidden-phone\" style=\"height:1em;\"><\/div><figure class=\"vcex-image vcex-module colorimg2\"><div class=\"vcex-image-inner wpex-relative wpex-inline-block\"><img loading=\"lazy\" class=\"vcex-image-img wpex-align-middle\" decoding=\"async\" src=\"https:\/\/www.together.marketing\/wp-content\/uploads\/2023\/06\/Recurso-11-1-100x88.png\" alt=\"\" srcset=\"https:\/\/www.together.marketing\/wp-content\/uploads\/2023\/06\/Recurso-11-1-100x88.png 100w, https:\/\/www.together.marketing\/wp-content\/uploads\/2023\/06\/Recurso-11-1.png 201w\" width=\"100\" height=\"88\"><\/div><\/figure>[vc_column_text css_animation=&#8221;appear&#8221; el_class=&#8221;ser2&#8243;]\n<h4>Estudio de dise\u00f1o y contenidos<\/h4>\n<p>Talentosos creadores multimedia que se encargan de desarrollar una comunicaci\u00f3n cautivadora e irresistible.[\/vc_column_text]<div class=\"vcex-column-side-border vcex-column-side-border--right wpex-hidden wpex-md-block wpex-absolute wpex-top-50 wpex-right-0 wpex-max-h-100 wpex-h-100 wpex-w-1px wpex-surface-4 wpex-translate-x-y-50 vcex-right\"><\/div><div class=\"vcex-spacing wpex-w-100 wpex-clear hidden-phone\" style=\"height:2em;\"><\/div>[\/vc_column_inner][vc_column_inner el_class=&#8221;ico-about&#8221; width=&#8221;1\/3&#8243;]<div class=\"vcex-spacing wpex-w-100 wpex-clear hidden-phone\" style=\"height:1em;\"><\/div><figure class=\"vcex-image vcex-module colorimg2\"><div class=\"vcex-image-inner wpex-relative wpex-inline-block\"><img loading=\"lazy\" class=\"vcex-image-img wpex-align-middle\" decoding=\"async\" src=\"https:\/\/www.together.marketing\/wp-content\/uploads\/2023\/06\/Recurso-10-1-100x88.png\" alt=\"\" srcset=\"https:\/\/www.together.marketing\/wp-content\/uploads\/2023\/06\/Recurso-10-1-100x88.png 100w, https:\/\/www.together.marketing\/wp-content\/uploads\/2023\/06\/Recurso-10-1.png 201w\" width=\"100\" height=\"88\"><\/div><\/figure>[vc_column_text css_animation=&#8221;appear&#8221;]\n<h4>Marketing Digital<\/h4>\n<p>Nuestro extraordinario equipo crea estrategias digitales, implementa campa\u00f1as, desarrolla sitios web, analiza internet, mejora a trav\u00e9s de SEO, analiza datos y tendencias, gestiona RR. SS. pagadas y org\u00e1nicas, adem\u00e1s de ser fuerte en marketing Web3.[\/vc_column_text]<div class=\"vcex-spacing wpex-w-100 wpex-clear hidden-phone\" style=\"height:2em;\"><\/div>[\/vc_column_inner][\/vc_row_inner]<div class=\"vcex-module vcex-divider vcex-divider-solid vcex-divider-center wpex-mx-auto hidden-phone wpex-block wpex-h-0 wpex-border-b wpex-border-solid wpex-border-main\" style=\"margin-block-start:0px;margin-block-end:0px;\"><\/div>[vc_row_inner equal_height=&#8221;yes&#8221; gap=&#8221;35&#8243; remove_bottom_col_margin=&#8221;true&#8221;][vc_column_inner width=&#8221;1\/3&#8243;]<div class=\"vcex-spacing wpex-w-100 wpex-clear hidden-phone\" style=\"height:1em;\"><\/div><figure class=\"vcex-image vcex-module colorimg2\"><div class=\"vcex-image-inner wpex-relative wpex-inline-block\"><img loading=\"lazy\" class=\"vcex-image-img wpex-align-middle\" decoding=\"async\" src=\"https:\/\/www.together.marketing\/wp-content\/uploads\/2023\/06\/Recurso-9-1-100x88.png\" alt=\"\" srcset=\"https:\/\/www.together.marketing\/wp-content\/uploads\/2023\/06\/Recurso-9-1-100x88.png 100w, https:\/\/www.together.marketing\/wp-content\/uploads\/2023\/06\/Recurso-9-1.png 201w\" width=\"100\" height=\"88\"><\/div><\/figure>[vc_column_text css_animation=&#8221;appear&#8221;]\n<h4>Casa productora<\/h4>\n<p>Con un equipo din\u00e1mico y profesional al que le encanta crear obras maestras audiovisuales en todas las plataformas de medios. Es capaz de trabajar con los mejores creativos, directores y productores.[\/vc_column_text]<div class=\"vcex-column-side-border vcex-column-side-border--right wpex-hidden wpex-md-block wpex-absolute wpex-top-50 wpex-right-0 wpex-max-h-100 wpex-h-100 wpex-w-1px wpex-surface-4 wpex-translate-x-y-50 vcex-right\"><\/div><div class=\"vcex-spacing wpex-w-100 wpex-clear hidden-phone\" style=\"height:2em;\"><\/div>[\/vc_column_inner][vc_column_inner width=&#8221;1\/3&#8243;]<div class=\"vcex-spacing wpex-w-100 wpex-clear hidden-phone\" style=\"height:1em;\"><\/div><figure class=\"vcex-image vcex-module colorimg2\"><div class=\"vcex-image-inner wpex-relative wpex-inline-block\"><img loading=\"lazy\" class=\"vcex-image-img wpex-align-middle\" decoding=\"async\" src=\"https:\/\/www.together.marketing\/wp-content\/uploads\/2023\/06\/Recurso-8-1-100x88.png\" alt=\"\" srcset=\"https:\/\/www.together.marketing\/wp-content\/uploads\/2023\/06\/Recurso-8-1-100x88.png 100w, https:\/\/www.together.marketing\/wp-content\/uploads\/2023\/06\/Recurso-8-1.png 201w\" width=\"100\" height=\"88\"><\/div><\/figure>[vc_column_text css_animation=&#8221;appear&#8221;]\n<h4>Marketing experiencial (CatharsisLab)<\/h4>\n<p>Tenemos un equipo experto que destaca por crear conexiones emocionales entre las marcas y las personas, por medio de experiencias inolvidables.[\/vc_column_text]<div class=\"vcex-column-side-border vcex-column-side-border--right wpex-hidden wpex-md-block wpex-absolute wpex-top-50 wpex-right-0 wpex-max-h-100 wpex-h-100 wpex-w-1px wpex-surface-4 wpex-translate-x-y-50 vcex-right\"><\/div><div class=\"vcex-spacing wpex-w-100 wpex-clear hidden-phone\" style=\"height:2em;\"><\/div>[\/vc_column_inner][vc_column_inner el_class=&#8221;ico-about&#8221; width=&#8221;1\/3&#8243;]<div class=\"vcex-spacing wpex-w-100 wpex-clear hidden-phone\" style=\"height:1em;\"><\/div><figure class=\"vcex-image vcex-module colorimg2\"><div class=\"vcex-image-inner wpex-relative wpex-inline-block\"><img loading=\"lazy\" class=\"vcex-image-img wpex-align-middle\" decoding=\"async\" src=\"https:\/\/www.together.marketing\/wp-content\/uploads\/2023\/06\/Recurso-7-1-100x88.png\" alt=\"\" srcset=\"https:\/\/www.together.marketing\/wp-content\/uploads\/2023\/06\/Recurso-7-1-100x88.png 100w, https:\/\/www.together.marketing\/wp-content\/uploads\/2023\/06\/Recurso-7-1.png 201w\" width=\"100\" height=\"88\"><\/div><\/figure>[vc_column_text css_animation=&#8221;appear&#8221;]\n<h4>IRM y enlace con celebridades<\/h4>\n<p>Aprovechamos el hype. Nos especializamos en facilitar colaboraciones excepcionales con marcas, celebridades, artistas e influencers.[\/vc_column_text]<div class=\"vcex-spacing wpex-w-100 wpex-clear hidden-phone\" style=\"height:2em;\"><\/div>[\/vc_column_inner][\/vc_row_inner][\/vc_column][\/vc_row][vc_row][vc_column]<div class=\"vcex-module vcex-divider vcex-divider-solid vcex-divider-center wpex-mx-auto wpex-block wpex-h-0 wpex-border-b wpex-border-solid wpex-border-main\" style=\"margin-block-start:0px;margin-block-end:0px;\"><\/div>[vc_row_inner remove_bottom_col_margin=&#8221;true&#8221; el_class=&#8221;frase-flecha&#8221;][vc_column_inner][vc_column_text el_class=&#8221;flecha-izq&#8221;]\n<p style=\"text-align: right;\">H\u00e9roes especializados<br \/>\npara haza\u00f1as especiales.<\/p>\n[\/vc_column_text][vc_raw_html el_class=&#8221;svg-flecha-izq&#8221;]PHN2ZyB4bWxucz0iaHR0cDovL3d3dy53My5vcmcvMjAwMC9zdmciIHdpZHRoPSI0Mi41MDMiIGhlaWdodD0iMjUuMDE3IiB2aWV3Ym94PSIwIDAgNDIuNTAzIDI1LjAxNyI+PGcgdHJhbnNmb3JtPSJ0cmFuc2xhdGUoLTg2MC41NSAtMTg3MC44OTMpIj48cGF0aCBkPSJNLTM1NjcuMywxODk1LjkxMWE0NC45MTcsNDQuOTE3LDAsMCwxLTEzLjM1Ni0yLjQxMyw1Ni4yLDU2LjIsMCwwLDEtMTMuMjA4LTYuMzY0QTYzLjE2LDYzLjE2LDAsMCwxLTM2MDgsMTg3NC4zNzVsMi4zMTQtMS45MWE2MC4xNTksNjAuMTU5LDAsMCwwLDEzLjQ2NCwxMi4xNTYsNTMuMiw1My4yLDAsMCwwLDEyLjUsNi4wMjUsNDAuODA3LDQwLjgwNywwLDAsMCwxMi42NywyLjI2MWwuMTA1LDNDLTM1NjYuOTc4LDE4OTUuOTA3LTM1NjcuMSwxODk1LjkxMS0zNTY3LjMsMTg5NS45MTFaIiB0cmFuc2Zvcm09InRyYW5zbGF0ZSg0NDcwKSI+PC9wYXRoPjxwYXRoIGQ9Ik0tMzYxNC42NTUsMTg5MS44MzNsLTIuOTc5LS4zNTEsMi4wMDgtMTcuMDI1LDE2LjQzNiw0LjcxNy0uODI4LDIuODg0LTEzLjA0Mi0zLjc0M1oiIHRyYW5zZm9ybT0idHJhbnNsYXRlKDQ0NzguMTg0IC0zLjU2MykiPjwvcGF0aD48L2c+PC9zdmc+[\/vc_raw_html][\/vc_column_inner][\/vc_row_inner][\/vc_column][\/vc_row][vc_row content_placement=&#8221;middle&#8221; equal_height=&#8221;yes&#8221;][vc_column css_animation=&#8221;fadeIn&#8221; width=&#8221;1\/3&#8243; el_class=&#8221;elapproach&#8221;]<h1 class=\"vcex-heading vcex-heading-plain vcex-module wpex-heading wpex-text-2xl wpex-h1 tit-l1\"><span class=\"vcex-heading-inner wpex-inline-block\">Nuestro<br \/>\nEnfoque<\/span><\/h1><div class=\"vcex-spacing wpex-w-100 wpex-clear\" style=\"height:3em;\"><\/div>[vc_column_text font_size=&#8221;1.4em&#8221; text_transform=&#8221;uppercase&#8221; font_weight=&#8221;semibold&#8221; font_family=&#8221;Montserrat&#8221;]Transformar los datos en insights[\/vc_column_text]<div class=\"vcex-spacing wpex-w-100 wpex-clear\" style=\"height:1em;\"><\/div>[vc_column_text align=&#8221;left&#8221; width=&#8221;640px&#8221;]Incorporamos una metodolog\u00eda design thinking y un enfoque hol\u00edstico en la producci\u00f3n, lo que nos permite generar resultados exponenciales y fomentar una mejora continua.[\/vc_column_text][\/vc_column][vc_column width=&#8221;2\/3&#8243;][vc_raw_html]PHNjcmlwdCBzcmM9Imh0dHBzOi8vdW5wa2cuY29tL0Bsb3R0aWVmaWxlcy9sb3R0aWUtcGxheWVyQGxhdGVzdC9kaXN0L2xvdHRpZS1wbGF5ZXIuanMiPjwvc2NyaXB0Pgo8bG90dGllLXBsYXllciBzcmM9Imh0dHBzOi8vbG90dGllLmhvc3QvZTQxNTc3NGQtODhlNC00OTFmLWFkZWItMzI4MDUzNmE1MmY2L0JFQk42bVVsdUsuanNvbiIgYmFja2dyb3VuZD0idHJhbnNwYXJlbnQiIHNwZWVkPSIxIiBzdHlsZT0id2lkdGg6IDEwMCUiPjwvbG90dGllLXBsYXllcj4=[\/vc_raw_html][\/vc_column][\/vc_row]\n<\/div>","protected":false},"excerpt":{"rendered":"<p>[vc_row remove_bottom_col_margin=&#8221;true&#8221; el_class=&#8221;wpb-animate-in-sequence&#8221;][vc_column][vc_column_text css_animation=&#8221;bottom-to-top&#8221; font_size=&#8221;1.5em&#8221;]Contamos con Equipos de expertos descentralizados para ofrecer servicios de marketing, publicidad y comunicaci\u00f3n de alta calidad, logrando resultados extraordinarios.[\/vc_column_text][vc_row_inner equal_height=&#8221;yes&#8221; gap=&#8221;35&#8243; remove_bottom_col_margin=&#8221;true&#8221;][vc_column_inner width=&#8221;1\/3&#8243;][vc_column_text css_animation=&#8221;appear&#8221; el_class=&#8221;ser1&#8243;] Estrategia de marca y creatividad Transformamos los datos en insights valiosos para crear ideas impactantes que hagan crecer al sector.[\/vc_column_text][\/vc_column_inner][vc_column_inner width=&#8221;1\/3&#8243;][vc_column_text css_animation=&#8221;appear&#8221; el_class=&#8221;ser2&#8243;] Estudio de&hellip;<\/p>\n","protected":false},"author":1,"featured_media":0,"parent":0,"menu_order":0,"comment_status":"closed","ping_status":"closed","template":"","meta":{"_acf_changed":false,"inline_featured_image":false,"iawp_total_views":166,"footnotes":""},"class_list":["post-1779","page","type-page","status-publish","hentry","entry","no-media"],"acf":[],"yoast_head":"<!-- This site is optimized with the Yoast SEO plugin v27.5 - https:\/\/yoast.com\/product\/yoast-seo-wordpress\/ -->\n<title>Servicios - Together<\/title>\n<meta name=\"robots\" content=\"index, follow, max-snippet:-1, max-image-preview:large, max-video-preview:-1\" \/>\n<link rel=\"canonical\" href=\"https:\/\/www.together.marketing\/es\/servicios\/\" \/>\n<meta property=\"og:locale\" content=\"es_ES\" \/>\n<meta property=\"og:type\" content=\"article\" \/>\n<meta property=\"og:title\" content=\"Servicios - Together\" \/>\n<meta property=\"og:description\" content=\"[vc_row remove_bottom_col_margin=&#8221;true&#8221; el_class=&#8221;wpb-animate-in-sequence&#8221;][vc_column][vc_column_text css_animation=&#8221;bottom-to-top&#8221; font_size=&#8221;1.5em&#8221;]Contamos con Equipos de expertos descentralizados para ofrecer servicios de marketing, publicidad y comunicaci\u00f3n de alta calidad, logrando resultados extraordinarios.[\/vc_column_text][vc_row_inner equal_height=&#8221;yes&#8221; gap=&#8221;35&#8243; remove_bottom_col_margin=&#8221;true&#8221;][vc_column_inner width=&#8221;1\/3&#8243;][vc_column_text css_animation=&#8221;appear&#8221; el_class=&#8221;ser1&#8243;] Estrategia de marca y creatividad Transformamos los datos en insights valiosos para crear ideas impactantes que hagan crecer al sector.[\/vc_column_text][\/vc_column_inner][vc_column_inner width=&#8221;1\/3&#8243;][vc_column_text css_animation=&#8221;appear&#8221; el_class=&#8221;ser2&#8243;] Estudio de&hellip;\" \/>\n<meta property=\"og:url\" content=\"https:\/\/www.together.marketing\/es\/servicios\/\" \/>\n<meta property=\"og:site_name\" content=\"Together\" \/>\n<meta property=\"article:publisher\" content=\"https:\/\/www.facebook.com\/2gtr2\/\" \/>\n<meta property=\"article:modified_time\" content=\"2024-10-02T18:32:48+00:00\" \/>\n<meta name=\"twitter:card\" content=\"summary_large_image\" \/>\n<meta name=\"twitter:label1\" content=\"Tiempo de lectura\" \/>\n\t<meta name=\"twitter:data1\" content=\"2 minutos\" \/>\n<script type=\"application\/ld+json\" class=\"yoast-schema-graph\">{\"@context\":\"https:\\\/\\\/schema.org\",\"@graph\":[{\"@type\":\"WebPage\",\"@id\":\"https:\\\/\\\/www.together.marketing\\\/es\\\/servicios\\\/\",\"url\":\"https:\\\/\\\/www.together.marketing\\\/es\\\/servicios\\\/\",\"name\":\"Servicios - Together\",\"isPartOf\":{\"@id\":\"https:\\\/\\\/www.together.marketing\\\/es\\\/#website\"},\"datePublished\":\"2023-04-15T03:20:47+00:00\",\"dateModified\":\"2024-10-02T18:32:48+00:00\",\"breadcrumb\":{\"@id\":\"https:\\\/\\\/www.together.marketing\\\/es\\\/servicios\\\/#breadcrumb\"},\"inLanguage\":\"es\",\"potentialAction\":[{\"@type\":\"ReadAction\",\"target\":[\"https:\\\/\\\/www.together.marketing\\\/es\\\/servicios\\\/\"]}]},{\"@type\":\"BreadcrumbList\",\"@id\":\"https:\\\/\\\/www.together.marketing\\\/es\\\/servicios\\\/#breadcrumb\",\"itemListElement\":[{\"@type\":\"ListItem\",\"position\":1,\"name\":\"Home\",\"item\":\"https:\\\/\\\/www.together.marketing\\\/es\\\/\"},{\"@type\":\"ListItem\",\"position\":2,\"name\":\"Servicios\"}]},{\"@type\":\"WebSite\",\"@id\":\"https:\\\/\\\/www.together.marketing\\\/es\\\/#website\",\"url\":\"https:\\\/\\\/www.together.marketing\\\/es\\\/\",\"name\":\"Together\",\"description\":\"To Get There\",\"publisher\":{\"@id\":\"https:\\\/\\\/www.together.marketing\\\/es\\\/#organization\"},\"potentialAction\":[{\"@type\":\"SearchAction\",\"target\":{\"@type\":\"EntryPoint\",\"urlTemplate\":\"https:\\\/\\\/www.together.marketing\\\/es\\\/?s={search_term_string}\"},\"query-input\":{\"@type\":\"PropertyValueSpecification\",\"valueRequired\":true,\"valueName\":\"search_term_string\"}}],\"inLanguage\":\"es\"},{\"@type\":\"Organization\",\"@id\":\"https:\\\/\\\/www.together.marketing\\\/es\\\/#organization\",\"name\":\"Together\",\"url\":\"https:\\\/\\\/www.together.marketing\\\/es\\\/\",\"logo\":{\"@type\":\"ImageObject\",\"inLanguage\":\"es\",\"@id\":\"https:\\\/\\\/www.together.marketing\\\/es\\\/#\\\/schema\\\/logo\\\/image\\\/\",\"url\":\"https:\\\/\\\/www.together.marketing\\\/wp-content\\\/uploads\\\/2023\\\/07\\\/Together-2023_Logo.jpg\",\"contentUrl\":\"https:\\\/\\\/www.together.marketing\\\/wp-content\\\/uploads\\\/2023\\\/07\\\/Together-2023_Logo.jpg\",\"width\":1200,\"height\":411,\"caption\":\"Together\"},\"image\":{\"@id\":\"https:\\\/\\\/www.together.marketing\\\/es\\\/#\\\/schema\\\/logo\\\/image\\\/\"},\"sameAs\":[\"https:\\\/\\\/www.facebook.com\\\/2gtr2\\\/\",\"https:\\\/\\\/www.instagram.com\\\/together_mkt\\\/\"]}]}<\/script>\n<!-- \/ Yoast SEO plugin. -->","yoast_head_json":{"title":"Servicios - Together","robots":{"index":"index","follow":"follow","max-snippet":"max-snippet:-1","max-image-preview":"max-image-preview:large","max-video-preview":"max-video-preview:-1"},"canonical":"https:\/\/www.together.marketing\/es\/servicios\/","og_locale":"es_ES","og_type":"article","og_title":"Servicios - Together","og_description":"[vc_row remove_bottom_col_margin=&#8221;true&#8221; el_class=&#8221;wpb-animate-in-sequence&#8221;][vc_column][vc_column_text css_animation=&#8221;bottom-to-top&#8221; font_size=&#8221;1.5em&#8221;]Contamos con Equipos de expertos descentralizados para ofrecer servicios de marketing, publicidad y comunicaci\u00f3n de alta calidad, logrando resultados extraordinarios.[\/vc_column_text][vc_row_inner equal_height=&#8221;yes&#8221; gap=&#8221;35&#8243; remove_bottom_col_margin=&#8221;true&#8221;][vc_column_inner width=&#8221;1\/3&#8243;][vc_column_text css_animation=&#8221;appear&#8221; el_class=&#8221;ser1&#8243;] Estrategia de marca y creatividad Transformamos los datos en insights valiosos para crear ideas impactantes que hagan crecer al sector.[\/vc_column_text][\/vc_column_inner][vc_column_inner width=&#8221;1\/3&#8243;][vc_column_text css_animation=&#8221;appear&#8221; el_class=&#8221;ser2&#8243;] Estudio de&hellip;","og_url":"https:\/\/www.together.marketing\/es\/servicios\/","og_site_name":"Together","article_publisher":"https:\/\/www.facebook.com\/2gtr2\/","article_modified_time":"2024-10-02T18:32:48+00:00","twitter_card":"summary_large_image","twitter_misc":{"Tiempo de lectura":"2 minutos"},"schema":{"@context":"https:\/\/schema.org","@graph":[{"@type":"WebPage","@id":"https:\/\/www.together.marketing\/es\/servicios\/","url":"https:\/\/www.together.marketing\/es\/servicios\/","name":"Servicios - Together","isPartOf":{"@id":"https:\/\/www.together.marketing\/es\/#website"},"datePublished":"2023-04-15T03:20:47+00:00","dateModified":"2024-10-02T18:32:48+00:00","breadcrumb":{"@id":"https:\/\/www.together.marketing\/es\/servicios\/#breadcrumb"},"inLanguage":"es","potentialAction":[{"@type":"ReadAction","target":["https:\/\/www.together.marketing\/es\/servicios\/"]}]},{"@type":"BreadcrumbList","@id":"https:\/\/www.together.marketing\/es\/servicios\/#breadcrumb","itemListElement":[{"@type":"ListItem","position":1,"name":"Home","item":"https:\/\/www.together.marketing\/es\/"},{"@type":"ListItem","position":2,"name":"Servicios"}]},{"@type":"WebSite","@id":"https:\/\/www.together.marketing\/es\/#website","url":"https:\/\/www.together.marketing\/es\/","name":"Together","description":"To Get There","publisher":{"@id":"https:\/\/www.together.marketing\/es\/#organization"},"potentialAction":[{"@type":"SearchAction","target":{"@type":"EntryPoint","urlTemplate":"https:\/\/www.together.marketing\/es\/?s={search_term_string}"},"query-input":{"@type":"PropertyValueSpecification","valueRequired":true,"valueName":"search_term_string"}}],"inLanguage":"es"},{"@type":"Organization","@id":"https:\/\/www.together.marketing\/es\/#organization","name":"Together","url":"https:\/\/www.together.marketing\/es\/","logo":{"@type":"ImageObject","inLanguage":"es","@id":"https:\/\/www.together.marketing\/es\/#\/schema\/logo\/image\/","url":"https:\/\/www.together.marketing\/wp-content\/uploads\/2023\/07\/Together-2023_Logo.jpg","contentUrl":"https:\/\/www.together.marketing\/wp-content\/uploads\/2023\/07\/Together-2023_Logo.jpg","width":1200,"height":411,"caption":"Together"},"image":{"@id":"https:\/\/www.together.marketing\/es\/#\/schema\/logo\/image\/"},"sameAs":["https:\/\/www.facebook.com\/2gtr2\/","https:\/\/www.instagram.com\/together_mkt\/"]}]}},"_links":{"self":[{"href":"https:\/\/www.together.marketing\/es\/wp-json\/wp\/v2\/pages\/1779","targetHints":{"allow":["GET"]}}],"collection":[{"href":"https:\/\/www.together.marketing\/es\/wp-json\/wp\/v2\/pages"}],"about":[{"href":"https:\/\/www.together.marketing\/es\/wp-json\/wp\/v2\/types\/page"}],"author":[{"embeddable":true,"href":"https:\/\/www.together.marketing\/es\/wp-json\/wp\/v2\/users\/1"}],"replies":[{"embeddable":true,"href":"https:\/\/www.together.marketing\/es\/wp-json\/wp\/v2\/comments?post=1779"}],"version-history":[{"count":11,"href":"https:\/\/www.together.marketing\/es\/wp-json\/wp\/v2\/pages\/1779\/revisions"}],"predecessor-version":[{"id":2402,"href":"https:\/\/www.together.marketing\/es\/wp-json\/wp\/v2\/pages\/1779\/revisions\/2402"}],"wp:attachment":[{"href":"https:\/\/www.together.marketing\/es\/wp-json\/wp\/v2\/media?parent=1779"}],"curies":[{"name":"wp","href":"https:\/\/api.w.org\/{rel}","templated":true}]}}